{"id":12,"date":"2019-10-09T13:19:13","date_gmt":"2019-10-09T13:19:13","guid":{"rendered":"https:\/\/www.pentagonoseguros.com\/site\/?page_id=12"},"modified":"2025-12-03T11:26:50","modified_gmt":"2025-12-03T14:26:50","slug":"inicio","status":"publish","type":"page","link":"https:\/\/www.pentagonoseguros.com\/site\/","title":{"rendered":"In\u00edcio"},"content":{"rendered":"<p>&nbsp;<\/p>\n<div style=\"display: none;\">\n<p>seguros passo fundo seguro auto passo fundo, pentagonoseguros em passo fundo, seguros, passo fundo RS, seguros e seguro empresarial passo fundo<\/p>\n<h1>seguros em passo fundo,\u00a0pentagonoseguros passo fundo, seguro auto passo fundo,<\/h1>\n<h2>seguros em passo fundo, seguros passo fundo e regi\u00e3o, seguro auto passo fundo em passo fundo, seguros pentagonoseguros passo fundo, seguros em passo fundo rs, seguros, para passo fundo e regi\u00e3o, seguros para passo fundo e regi\u00e3o\u00a0seguro empresarial passo fundo de seguros em passo fundo, seguros passo fundo e regi\u00e3o, seguro auto passo fundo em passo fundo, seguros pentagonoseguros passo fundo, seguros em passo fundo rs, seguros,<a title=\"seguro empresarial passo fundo de seguros em passo fundo, seguros passo fundo e regi\u00e3o, seguro auto passo fundo em passo fundo, seguros pentagonoseguros passo fundo, seguros em passo fundo rs, seguros, para passo fundo e regi\u00e3o, seguros para passo fundo e regi\u00e3o\" href=\"https:\/\/www.pentagonoseguros.com\">para passo fundo e regi\u00e3o, seguros para passo fundo e regi\u00e3o\u00a0seguro empresarial passo fundo de seguros em passo fundo, seguros passo fundo e regi\u00e3o, seguro auto passo fundo em passo fundo, seguros pentagonoseguros passo fundo, seguros em passo fundo rs, seguros<\/a>, para passo fundo e regi\u00e3o, seguros para passo fundo e regi\u00e3o\u00a0seguro empresarial passo fundo de seguros em passo fundo, seguros passo fundo e regi\u00e3o, seguro auto passo fundo em passo fundo, seguros pentagonoseguros passo fundo, seguros em passo fundo rs, seguros, para passo fundo e regi\u00e3o, seguros para passo fundo e regi\u00e3o\u00a0seguro empresarial passo fundo de seguros em passo fundo, seguros passo fundo e regi\u00e3o, seguro auto passo fundo em passo fundo, seguros pentagonoseguros passo fundo, seguros em passo fundo rs, seguros, para passo fundo e regi\u00e3o,<a title=\"seguro empresarial passo fundo de seguros em passo fundo, seguros passo fundo e regi\u00e3o, seguro auto passo fundo em passo fundo, seguros pentagonoseguros passo fundo, seguros em passo fundo rs, seguros, para passo fundo e regi\u00e3o, seguros para passo fundo e regi\u00e3o\" href=\"https:\/\/www.pentagonoseguros.com\/site\">seguros para passo fundo e regi\u00e3o\u00a0seguro empresarial passo fundo de seguros em passo fundo, seguros passo fundo e regi\u00e3o, cria\u00e7\u00e3o de sit<\/a>es em passo fundo, seguros pentagonoseguros passo fundo, seguros em passo fundo rs, seguros, para passo fundo e regi\u00e3o, seguros para passo fundo e regi\u00e3o<\/h2>\n<div id=\"attachment_747\" style=\"width: 353px\" class=\"wp-caption aligncenter\"><a href=\"https:\/\/www.pentagonoseguros.com\/site\/wp-content\/uploads\/2020\/06\/seguros-passo-fundo.jpg\"><img decoding=\"async\" aria-describedby=\"caption-attachment-747\" class=\"size-full wp-image-747 \" title=\"seguro empresarial passo fundo de seguros em passo fundo\" src=\"https:\/\/www.pentagonoseguros.com\/site\/wp-content\/uploads\/2020\/06\/seguros-passo-fundo.jpg\" alt=\"seguro empresarial passo fundo de seguros em passo fundo\" width=\"343\" height=\"300\" loading=\"lazy\" \/><\/a><p id=\"caption-attachment-747\" class=\"wp-caption-text\">seguro empresarial passo fundo de seguros em passo fundo<\/p><\/div>\n<\/div>\n","protected":false},"excerpt":{"rendered":"<p>&nbsp; seguros passo fundo seguro auto passo fundo, pentagonoseguros em passo fundo, seguros, passo fundo RS, seguros e seguro empresarial passo fundo seguros em passo fundo,\u00a0pentagonoseguros passo fundo, seguro auto passo fundo, seguros em passo fundo, seguros passo fundo e regi\u00e3o, seguro auto passo fundo em passo fundo, seguros pentagonoseguros passo fundo, seguros em passo [&hellip;]<\/p>\n","protected":false},"author":1,"featured_media":0,"parent":0,"menu_order":7,"comment_status":"closed","ping_status":"closed","template":"template-inicio.php","meta":{"footnotes":""},"class_list":["post-12","page","type-page","status-publish","hentry"],"_links":{"self":[{"href":"https:\/\/www.pentagonoseguros.com\/site\/wp-json\/wp\/v2\/pages\/12"}],"collection":[{"href":"https:\/\/www.pentagonoseguros.com\/site\/wp-json\/wp\/v2\/pages"}],"about":[{"href":"https:\/\/www.pentagonoseguros.com\/site\/wp-json\/wp\/v2\/types\/page"}],"author":[{"embeddable":true,"href":"https:\/\/www.pentagonoseguros.com\/site\/wp-json\/wp\/v2\/users\/1"}],"replies":[{"embeddable":true,"href":"https:\/\/www.pentagonoseguros.com\/site\/wp-json\/wp\/v2\/comments?post=12"}],"version-history":[{"count":33,"href":"https:\/\/www.pentagonoseguros.com\/site\/wp-json\/wp\/v2\/pages\/12\/revisions"}],"predecessor-version":[{"id":808,"href":"https:\/\/www.pentagonoseguros.com\/site\/wp-json\/wp\/v2\/pages\/12\/revisions\/808"}],"wp:attachment":[{"href":"https:\/\/www.pentagonoseguros.com\/site\/wp-json\/wp\/v2\/media?parent=12"}],"curies":[{"name":"wp","href":"https:\/\/api.w.org\/{rel}","templated":true}]}}